{"id":14594,"date":"2022-02-17T14:37:57","date_gmt":"2022-02-17T14:37:57","guid":{"rendered":"https:\/\/elegantwp.xyz\/?page_id=14594"},"modified":"2026-03-19T13:53:32","modified_gmt":"2026-03-19T11:53:32","slug":"bildrechte","status":"publish","type":"page","link":"https:\/\/rotthove.de\/wissen\/bildrechte\/","title":{"rendered":"Bildrechte"},"content":{"rendered":"<div class=\"fusion-fullwidth fullwidth-box fusion-builder-row-1 fusion-flex-container nonhundred-percent-fullwidth non-hundred-percent-height-scrolling\" style=\"--awb-border-radius-top-left:0px;--awb-border-radius-top-right:0px;--awb-border-radius-bottom-right:0px;--awb-border-radius-bottom-left:0px;--awb-flex-wrap:wrap;\" ><div class=\"fusion-builder-row fusion-row fusion-flex-align-items-flex-start fusion-flex-content-wrap\" style=\"max-width:1497.6px;margin-left: calc(-4% \/ 2 );margin-right: calc(-4% \/ 2 );\"><div class=\"fusion-layout-column fusion_builder_column fusion-builder-column-0 fusion_builder_column_1_1 1_1 fusion-flex-column\" style=\"--awb-bg-size:cover;--awb-width-large:100%;--awb-margin-top-large:0px;--awb-spacing-right-large:1.92%;--awb-margin-bottom-large:20px;--awb-spacing-left-large:1.92%;--awb-width-medium:100%;--awb-order-medium:0;--awb-spacing-right-medium:1.92%;--awb-spacing-left-medium:1.92%;--awb-width-small:100%;--awb-order-small:0;--awb-spacing-right-small:1.92%;--awb-spacing-left-small:1.92%;\"><div class=\"fusion-column-wrapper fusion-column-has-shadow fusion-flex-justify-content-flex-start fusion-content-layout-column\"><div class=\"fusion-title title fusion-title-1 fusion-sep-none fusion-title-text fusion-title-size-one\" style=\"--awb-margin-top:75px;--awb-margin-top-small:10px;--awb-margin-right-small:0px;--awb-margin-bottom-small:10px;--awb-margin-left-small:0px;\"><h1 class=\"fusion-title-heading title-heading-left\" style=\"font-family:&quot;Public Sans&quot;;font-style:normal;font-weight:400;margin:0;\">Bildrechte<\/h1><\/div><div class=\"fusion-text fusion-text-1\" style=\"--awb-text-transform:none;--awb-text-font-family:&quot;Public Sans&quot;;--awb-text-font-style:normal;--awb-text-font-weight:400;\"><p>Um Ihnen ein bestm\u00f6gliches Erlebnis auf unserer Homepage bieten zu k\u00f6nnen, verwenden wir diverse Bilder unserer Hersteller und Lieferanten.<\/p>\n<p>Die Bildrechte der verwendeten Bilder, Grafiken und diverser Texte liegen bei:<\/p>\n<p>Rotthove.de &#8211; H\u00f6rmann, Winkhaus, Krispol<\/p>\n<p>Tortechnik:<br \/>\n&#8211; H\u00f6rmann Garagentore<br \/>\n&gt; Sektionaltore &#8211; H\u00f6rmann<br \/>\n&gt; Schwingtore &#8211; H\u00f6rmann<br \/>\n&gt; Garagen-Nebent\u00fcren &#8211; H\u00f6rmann<br \/>\n&gt; H\u00f6rmann Torkonfigurator &#8211; H\u00f6rmann<br \/>\n&#8211; Krispol Garagentore &#8211; Krispol<br \/>\n&#8211; Garagentor Antriebe &#8211; H\u00f6rmann<br \/>\n&#8211; H\u00f6rmann Industrietore<br \/>\n&gt; Industrietore &#8211; H\u00f6rmann<br \/>\n&gt; Rolltore &#8211; H\u00f6rmann<br \/>\n&#8211; Tormontage, Wartung &amp; Reparatur &#8211; H\u00f6rmann<\/p>\n<p>Sicherheitstechnik:<br \/>\n&#8211; Winkhaus Fenstertechnik &#8211; Winkhaus<br \/>\n&gt; Fensterbeschl\u00e4ge &#8211; Winkhaus<br \/>\n&gt; Einbruchhemmung &#8211; Winkhaus<br \/>\n&#8211; Winkhaus Schlie\u00dfzylinder &#8211; Winkhaus<br \/>\n&#8211; Funktionst\u00fcren &#8211; H\u00f6rmann<\/p>\n<p>Leistungen:<br \/>\n&#8211; Tormontage, Wartung &amp; Reparatur &#8211; H\u00f6rmann<\/p>\n<p>Referenzen:<br \/>\n&#8211; Die Bilder unserer Referenzen zeigen unsere get\u00e4tigten Arbeiten. Die Rechte liegen bei Rotthove und d\u00fcrfen ohne unsere Freigabe nicht weiterverwendet werden.<\/p>\n<\/div><\/div><\/div><\/div><\/div>\n","protected":false},"excerpt":{"rendered":"","protected":false},"author":3,"featured_media":0,"parent":0,"menu_order":0,"comment_status":"closed","ping_status":"closed","template":"","meta":{"inline_featured_image":false,"footnotes":""},"class_list":["post-14594","page","type-page","status-publish","hentry"],"yoast_head":"<!-- This site is optimized with the Yoast SEO Premium plugin v18.3 (Yoast SEO v27.2) - https:\/\/yoast.com\/product\/yoast-seo-premium-wordpress\/ -->\n<title>Bildrechte &#187; Rotthove | Fenster-, T\u00fcr- &amp; Tortechnik<\/title>\n<meta name=\"description\" content=\"Um Ihnen ein bestm\u00f6gliches Erlebnis auf unserer Homepage bieten zu k\u00f6nnen, verwenden wir diverse Bilder unserer Hersteller und Lieferanten.\" \/>\n<meta name=\"robots\" content=\"index, follow, max-snippet:-1, max-image-preview:large, max-video-preview:-1\" \/>\n<link rel=\"canonical\" href=\"https:\/\/rotthove.de\/wissen\/bildrechte\/\" \/>\n<meta property=\"og:locale\" content=\"de_DE\" \/>\n<meta property=\"og:type\" content=\"article\" \/>\n<meta property=\"og:title\" content=\"Bildrechte\" \/>\n<meta property=\"og:description\" content=\"Um Ihnen ein bestm\u00f6gliches Erlebnis auf unserer Homepage bieten zu k\u00f6nnen, verwenden wir diverse Bilder unserer Hersteller und Lieferanten.\" \/>\n<meta property=\"og:url\" content=\"https:\/\/rotthove.de\/wissen\/bildrechte\/\" \/>\n<meta property=\"og:site_name\" content=\"Rotthove | Fenster-, T\u00fcr- &amp; Tortechnik\" \/>\n<meta property=\"article:modified_time\" content=\"2026-03-19T11:53:32+00:00\" \/>\n<meta name=\"twitter:card\" content=\"summary_large_image\" \/>\n<meta name=\"twitter:label1\" content=\"Gesch\u00e4tzte Lesezeit\" \/>\n\t<meta name=\"twitter:data1\" content=\"4\u00a0Minuten\" \/>\n<script type=\"application\/ld+json\" class=\"yoast-schema-graph\">{\"@context\":\"https:\/\/schema.org\",\"@graph\":[{\"@type\":\"WebPage\",\"@id\":\"https:\/\/rotthove.de\/wissen\/bildrechte\/\",\"url\":\"https:\/\/rotthove.de\/wissen\/bildrechte\/\",\"name\":\"Bildrechte &#187; Rotthove | Fenster-, T\u00fcr- &amp; Tortechnik\",\"isPartOf\":{\"@id\":\"https:\/\/rotthove.de\/wissen\/#website\"},\"datePublished\":\"2022-02-17T14:37:57+00:00\",\"dateModified\":\"2026-03-19T11:53:32+00:00\",\"description\":\"Um Ihnen ein bestm\u00f6gliches Erlebnis auf unserer Homepage bieten zu k\u00f6nnen, verwenden wir diverse Bilder unserer Hersteller und Lieferanten.\",\"breadcrumb\":{\"@id\":\"https:\/\/rotthove.de\/wissen\/bildrechte\/#breadcrumb\"},\"inLanguage\":\"de\",\"potentialAction\":[{\"@type\":\"ReadAction\",\"target\":[\"https:\/\/rotthove.de\/wissen\/bildrechte\/\"]}]},{\"@type\":\"BreadcrumbList\",\"@id\":\"https:\/\/rotthove.de\/wissen\/bildrechte\/#breadcrumb\",\"itemListElement\":[{\"@type\":\"ListItem\",\"position\":1,\"name\":\"Startseite\",\"item\":\"https:\/\/rotthove.de\/wissen\/\"},{\"@type\":\"ListItem\",\"position\":2,\"name\":\"Bildrechte\"}]},{\"@type\":\"WebSite\",\"@id\":\"https:\/\/rotthove.de\/wissen\/#website\",\"url\":\"https:\/\/rotthove.de\/wissen\/\",\"name\":\"Rotthove | Fenster-, T\u00fcr- &amp; Tortechnik\",\"description\":\"Fenster-, T\u00fcr- &amp; Tortechnik\",\"publisher\":{\"@id\":\"https:\/\/rotthove.de\/wissen\/#organization\"},\"potentialAction\":[{\"@type\":\"SearchAction\",\"target\":{\"@type\":\"EntryPoint\",\"urlTemplate\":\"https:\/\/rotthove.de\/wissen\/?s={search_term_string}\"},\"query-input\":{\"@type\":\"PropertyValueSpecification\",\"valueRequired\":true,\"valueName\":\"search_term_string\"}}],\"inLanguage\":\"de\"},{\"@type\":\"Organization\",\"@id\":\"https:\/\/rotthove.de\/wissen\/#organization\",\"name\":\"Rotthove\",\"url\":\"https:\/\/rotthove.de\/wissen\/\",\"logo\":{\"@type\":\"ImageObject\",\"inLanguage\":\"de\",\"@id\":\"https:\/\/rotthove.de\/wissen\/#\/schema\/logo\/image\/\",\"url\":\"https:\/\/rotthove.globando.eu\/wp-content\/uploads\/2022\/01\/rotthove-logo-v2.png\",\"contentUrl\":\"https:\/\/rotthove.globando.eu\/wp-content\/uploads\/2022\/01\/rotthove-logo-v2.png\",\"width\":346,\"height\":83,\"caption\":\"Rotthove\"},\"image\":{\"@id\":\"https:\/\/rotthove.de\/wissen\/#\/schema\/logo\/image\/\"}}]}<\/script>\n<!-- \/ Yoast SEO Premium plugin. -->","yoast_head_json":{"title":"Bildrechte &#187; Rotthove | Fenster-, T\u00fcr- &amp; Tortechnik","description":"Um Ihnen ein bestm\u00f6gliches Erlebnis auf unserer Homepage bieten zu k\u00f6nnen, verwenden wir diverse Bilder unserer Hersteller und Lieferanten.","robots":{"index":"index","follow":"follow","max-snippet":"max-snippet:-1","max-image-preview":"max-image-preview:large","max-video-preview":"max-video-preview:-1"},"canonical":"https:\/\/rotthove.de\/wissen\/bildrechte\/","og_locale":"de_DE","og_type":"article","og_title":"Bildrechte","og_description":"Um Ihnen ein bestm\u00f6gliches Erlebnis auf unserer Homepage bieten zu k\u00f6nnen, verwenden wir diverse Bilder unserer Hersteller und Lieferanten.","og_url":"https:\/\/rotthove.de\/wissen\/bildrechte\/","og_site_name":"Rotthove | Fenster-, T\u00fcr- &amp; Tortechnik","article_modified_time":"2026-03-19T11:53:32+00:00","twitter_card":"summary_large_image","twitter_misc":{"Gesch\u00e4tzte Lesezeit":"4\u00a0Minuten"},"schema":{"@context":"https:\/\/schema.org","@graph":[{"@type":"WebPage","@id":"https:\/\/rotthove.de\/wissen\/bildrechte\/","url":"https:\/\/rotthove.de\/wissen\/bildrechte\/","name":"Bildrechte &#187; Rotthove | Fenster-, T\u00fcr- &amp; Tortechnik","isPartOf":{"@id":"https:\/\/rotthove.de\/wissen\/#website"},"datePublished":"2022-02-17T14:37:57+00:00","dateModified":"2026-03-19T11:53:32+00:00","description":"Um Ihnen ein bestm\u00f6gliches Erlebnis auf unserer Homepage bieten zu k\u00f6nnen, verwenden wir diverse Bilder unserer Hersteller und Lieferanten.","breadcrumb":{"@id":"https:\/\/rotthove.de\/wissen\/bildrechte\/#breadcrumb"},"inLanguage":"de","potentialAction":[{"@type":"ReadAction","target":["https:\/\/rotthove.de\/wissen\/bildrechte\/"]}]},{"@type":"BreadcrumbList","@id":"https:\/\/rotthove.de\/wissen\/bildrechte\/#breadcrumb","itemListElement":[{"@type":"ListItem","position":1,"name":"Startseite","item":"https:\/\/rotthove.de\/wissen\/"},{"@type":"ListItem","position":2,"name":"Bildrechte"}]},{"@type":"WebSite","@id":"https:\/\/rotthove.de\/wissen\/#website","url":"https:\/\/rotthove.de\/wissen\/","name":"Rotthove | Fenster-, T\u00fcr- &amp; Tortechnik","description":"Fenster-, T\u00fcr- &amp; Tortechnik","publisher":{"@id":"https:\/\/rotthove.de\/wissen\/#organization"},"potentialAction":[{"@type":"SearchAction","target":{"@type":"EntryPoint","urlTemplate":"https:\/\/rotthove.de\/wissen\/?s={search_term_string}"},"query-input":{"@type":"PropertyValueSpecification","valueRequired":true,"valueName":"search_term_string"}}],"inLanguage":"de"},{"@type":"Organization","@id":"https:\/\/rotthove.de\/wissen\/#organization","name":"Rotthove","url":"https:\/\/rotthove.de\/wissen\/","logo":{"@type":"ImageObject","inLanguage":"de","@id":"https:\/\/rotthove.de\/wissen\/#\/schema\/logo\/image\/","url":"https:\/\/rotthove.globando.eu\/wp-content\/uploads\/2022\/01\/rotthove-logo-v2.png","contentUrl":"https:\/\/rotthove.globando.eu\/wp-content\/uploads\/2022\/01\/rotthove-logo-v2.png","width":346,"height":83,"caption":"Rotthove"},"image":{"@id":"https:\/\/rotthove.de\/wissen\/#\/schema\/logo\/image\/"}}]}},"_links":{"self":[{"href":"https:\/\/rotthove.de\/wissen\/wp-json\/wp\/v2\/pages\/14594","targetHints":{"allow":["GET"]}}],"collection":[{"href":"https:\/\/rotthove.de\/wissen\/wp-json\/wp\/v2\/pages"}],"about":[{"href":"https:\/\/rotthove.de\/wissen\/wp-json\/wp\/v2\/types\/page"}],"author":[{"embeddable":true,"href":"https:\/\/rotthove.de\/wissen\/wp-json\/wp\/v2\/users\/3"}],"replies":[{"embeddable":true,"href":"https:\/\/rotthove.de\/wissen\/wp-json\/wp\/v2\/comments?post=14594"}],"version-history":[{"count":1,"href":"https:\/\/rotthove.de\/wissen\/wp-json\/wp\/v2\/pages\/14594\/revisions"}],"predecessor-version":[{"id":15253,"href":"https:\/\/rotthove.de\/wissen\/wp-json\/wp\/v2\/pages\/14594\/revisions\/15253"}],"wp:attachment":[{"href":"https:\/\/rotthove.de\/wissen\/wp-json\/wp\/v2\/media?parent=14594"}],"curies":[{"name":"wp","href":"https:\/\/api.w.org\/{rel}","templated":true}]}}